{"id":13,"date":"2025-01-31T07:12:29","date_gmt":"2025-01-31T07:12:29","guid":{"rendered":"https:\/\/artiesport.cat\/ae\/?page_id=13"},"modified":"2025-03-05T20:31:05","modified_gmt":"2025-03-05T20:31:05","slug":"ideari-educatiu","status":"publish","type":"page","link":"https:\/\/artiesport.cat\/ae\/ideari-educatiu\/","title":{"rendered":"Ideari educatiu"},"content":{"rendered":"\n<div class=\"wp-block-uagb-container uagb-block-7xxvt2km alignfull uagb-is-root-container\"><div class=\"uagb-container-inner-blocks-wrap\">\n<div class=\"wp-block-uagb-info-box uagb-block-xl6hn23u uagb-infobox__content-wrap  uagb-infobox-icon-above-title uagb-infobox-image-valign-top\"><div class=\"uagb-ifb-content\"><div class=\"uagb-ifb-title-wrap\"><h1 class=\"uagb-ifb-title\">Ideari Educatiu<\/h1><\/div><\/div><\/div>\n<\/div><\/div>\n\n\n\n<div class=\"wp-block-uagb-container uagb-block-l6jhj8ek alignfull uagb-is-root-container\"><div class=\"uagb-container-inner-blocks-wrap\">\n<div class=\"wp-block-uagb-info-box uagb-block-rvzugfo3 uagb-infobox__content-wrap  uagb-infobox-icon-above-title uagb-infobox-image-valign-top\"><div class=\"uagb-ifb-content\"><div class=\"uagb-ifb-title-wrap\"><h2 class=\"uagb-ifb-title\">Ideari educatiu<\/h2><\/div><\/div><\/div>\n\n\n\n<div class=\"wp-block-uagb-container uagb-block-4wxeznot\">\n<div class=\"wp-block-uagb-info-box uagb-block-tae9ol8o uagb-infobox__content-wrap  uagb-infobox-icon-above-title uagb-infobox-image-valign-top\"><div class=\"uagb-ifb-content\"><div class=\"uagb-ifb-title-wrap\"><p class=\"uagb-ifb-title\">El nostre objectiu principal \u00e9s proporcionar a les escoles i a les fam\u00edlies un projecte educatiu diversificat i enriquidor per als infants fora de l&#8217;horari escolar. Aquest projecte t\u00e9 com a finalitat complementar l&#8217;educaci\u00f3 formal i fomentar el desenvolupament integral dels estudiants en \u00e0rees com l&#8217;esport, les arts, la tecnologia.<br><br>El nostre projecte educatiu est\u00e0 dissenyat tenint en compte les necessitats i interessos dels infants i busca ampliar les seves habilitats i coneixements en \u00e0rees que sovint no es treballen amb profunditat dins de l&#8217;horari escolar convencional.<br><br>Per aconseguir aquest objectiu oferim una ampla varietat d&#8217;activitats educatives que es poden adaptar a diferents edats i nivells de desenvolupament dels infants. Algunes de les activitats m\u00e9s comunes que es poden trobar en aquest tipus de projecte educatiu s\u00f3n:<\/p><\/div><\/div><\/div>\n\n\n\n<div class=\"wp-block-uagb-container uagb-block-ht1ez55b\">\n<div class=\"wp-block-uagb-info-box uagb-block-4vc0oofh uagb-infobox__content-wrap  uagb-infobox-icon-left-title uagb-infobox-left uagb-infobox-image-valign-middle\"><div class=\"uagb-ifb-content\"><div class=\"uagb-ifb-left-title-image\"><div class=\"uagb-ifb-title-wrap\"><p class=\"uagb-ifb-title\"><strong>Esports:<\/strong> S&#8217;ofereixen activitats com el futbol, el b\u00e0squet, el karate, entre d&#8217;altres. Aquestes activitats tenen com a objectiu fomentar l&#8217;activitat f\u00edsica i la vida saludable, aix\u00ed com promoure el treball en equip i la disciplina.<\/p><\/div><\/div><div class=\"uagb-ifb-separator\"><\/div><\/div><\/div>\n\n\n\n<div class=\"wp-block-uagb-info-box uagb-block-ugwbrzpw uagb-infobox__content-wrap  uagb-infobox-icon-left-title uagb-infobox-left uagb-infobox-image-valign-middle\"><div class=\"uagb-ifb-content\"><div class=\"uagb-ifb-left-title-image\"><div class=\"uagb-ifb-title-wrap\"><p class=\"uagb-ifb-title\"><strong>Arts:<\/strong> S&#8217;inclouen activitats com la m\u00fasica, el teatre, la dansa i el dibuix. Aquestes activitats fomenten la creativitat, l&#8217;expressi\u00f3 art\u00edstica i la confian\u00e7a en un mateix. Tamb\u00e9 poden ajudar als estudiants a desenvolupar habilitats de comunicaci\u00f3 i treball en equip.<\/p><\/div><\/div><div class=\"uagb-ifb-separator\"><\/div><\/div><\/div>\n\n\n\n<div class=\"wp-block-uagb-info-box uagb-block-w42n5w6h uagb-infobox__content-wrap  uagb-infobox-icon-left-title uagb-infobox-left uagb-infobox-image-valign-middle\"><div class=\"uagb-ifb-content\"><div class=\"uagb-ifb-left-title-image\"><div class=\"uagb-ifb-title-wrap\"><p class=\"uagb-ifb-title\"><strong>Tecnologia: <\/strong>Es realitzen tallers de rob\u00f2tica. Aquesta activitat permet als infants familiaritzar-se amb les noves tecnologies i desenvolupar habilitats necess\u00e0ries per al segle XXI, com ara la resoluci\u00f3 de problemes i la pensament cr\u00edtic.<\/p><\/div><\/div><div class=\"uagb-ifb-separator\"><\/div><\/div><\/div>\n\n\n\n<div class=\"wp-block-uagb-info-box uagb-block-8bdcd0e9 uagb-infobox__content-wrap  uagb-infobox-icon-left-title uagb-infobox-left uagb-infobox-image-valign-middle\"><div class=\"uagb-ifb-content\"><div class=\"uagb-ifb-left-title-image\"><div class=\"uagb-ifb-title-wrap\"><p class=\"uagb-ifb-title\">A m\u00e9s de les activitats espec\u00edfiques, l&#8217;empresa d&#8217;extraescolars pot incloure altres elements en el seu projecte educatiu, com ara excursions, visites a museus i col\u00b7laboracions amb altres entitats o professionals relacionats amb les \u00e0rees d&#8217;inter\u00e8s dels estudiants.<\/p><\/div><\/div><div class=\"uagb-ifb-separator\"><\/div><\/div><\/div>\n<\/div>\n<\/div>\n<\/div><\/div>\n\n\n\n<div class=\"wp-block-uagb-separator uagb-block-3e06ceec wp-block-uagb-separator--icon\"><div class=\"wp-block-uagb-separator__inner\" style=\"--my-background-image:\"><div class=\"wp-block-uagb-separator-element\"><svg xmlns=\"https:\/\/www.w3.org\/2000\/svg\" viewBox=\"0 0 448 512\"><path d=\"M224 416c-8.188 0-16.38-3.125-22.62-9.375l-192-192c-12.5-12.5-12.5-32.75 0-45.25s32.75-12.5 45.25 0L224 338.8l169.4-169.4c12.5-12.5 32.75-12.5 45.25 0s12.5 32.75 0 45.25l-192 192C240.4 412.9 232.2 416 224 416z\"><\/path><\/svg><\/div><\/div><\/div>\n\n\n\n<div class=\"wp-block-uagb-container uagb-block-nes58ahc alignfull uagb-is-root-container\"><div class=\"uagb-container-inner-blocks-wrap\">\n<div class=\"wp-block-uagb-container uagb-block-utddtn7r\">\n<div class=\"wp-block-uagb-info-box uagb-block-qck1zzhq uagb-infobox__content-wrap  uagb-infobox-icon-above-title uagb-infobox-image-valign-top\"><div class=\"uagb-ifb-content\"><div class=\"uagb-ifb-title-wrap\"><h2 class=\"uagb-ifb-title\">Els nostres valors<\/h2><\/div><p class=\"uagb-ifb-desc\">Els valors de l\u2019Associaci\u00f3 Esportiva Art i Esport s\u00f3n:<br><br>1.&nbsp;<strong>Diversi\u00f3<\/strong>: Ens enfoquem a proporcionar experi\u00e8ncies divertides i entretingudes per als infants. El valor de la diversi\u00f3 pot ser present tant en l&#8217;oferta d&#8217;activitats i serveis com en l&#8217;ambient i el tracte a l\u2019infant.<br><br>2.&nbsp;<strong>Creativitat<\/strong>:&nbsp;&nbsp;Treballem per aconseguir idees innovadores i creatives per a diferenciar-nos de la compet\u00e8ncia.<br><br>3.&nbsp;<strong>Excel\u00b7l\u00e8ncia en el servei a l\u2019infant<\/strong>: Ens esforcem per proporcionar un excel\u00b7lent servei a les fam\u00edlies i als infants, que inclou una atenci\u00f3 amable i personalitzada, respostes r\u00e0pides a les consultes i soluci\u00f3 de problemes.<br><br>4.&nbsp;<strong>Respecte i toler\u00e0ncia<\/strong>: Li donem valor a la diversitat i a fomentar un ambient inclusiu i respectu\u00f3s per a tots als infants i els nostres treballadors.<br><br>5.&nbsp;<strong>Sostenibilitat<\/strong>: Tenim un comprom\u00eds amb la sostenibilitat ambiental i social. Aix\u00f2 incloure la implementaci\u00f3 de pr\u00e0ctiques sostenibles, la promoci\u00f3 de l&#8217;educaci\u00f3 ambiental entre els infants.<\/p><\/div><\/div>\n<\/div>\n\n\n\n<div class=\"wp-block-uagb-container uagb-block-jrh0v4m0\">\n<div class=\"wp-block-uagb-image alignleft uagb-block-7qyfzkho wp-block-uagb-image--layout-default wp-block-uagb-image--effect-static wp-block-uagb-image--align-left\"><figure class=\"wp-block-uagb-image__figure\"><img decoding=\"async\" srcset=\"https:\/\/artiesport.cat\/ae\/wp-content\/uploads\/2025\/03\/school-kids-talking-each-other-school-corridor.jpg ,https:\/\/artiesport.cat\/ae\/wp-content\/uploads\/2025\/03\/school-kids-talking-each-other-school-corridor.jpg 780w, https:\/\/artiesport.cat\/ae\/wp-content\/uploads\/2025\/03\/school-kids-talking-each-other-school-corridor.jpg 360w\" sizes=\"auto, (max-width: 480px) 150px\" src=\"https:\/\/artiesport.cat\/ae\/wp-content\/uploads\/2025\/03\/school-kids-talking-each-other-school-corridor.jpg\" alt=\"\" class=\"uag-image-362\" width=\"270\" height=\"360\" title=\"School kids talking to each other in school corridor\" loading=\"lazy\" role=\"img\"\/><\/figure><\/div>\n\n\n\n<div class=\"wp-block-uagb-image alignleft uagb-block-nps4wndp wp-block-uagb-image--layout-default wp-block-uagb-image--effect-static wp-block-uagb-image--align-left\"><figure class=\"wp-block-uagb-image__figure\"><img decoding=\"async\" srcset=\"https:\/\/artiesport.cat\/ae\/wp-content\/uploads\/2025\/03\/full-shot-kids-running-outdoors.jpg ,https:\/\/artiesport.cat\/ae\/wp-content\/uploads\/2025\/03\/full-shot-kids-running-outdoors.jpg 780w, https:\/\/artiesport.cat\/ae\/wp-content\/uploads\/2025\/03\/full-shot-kids-running-outdoors.jpg 360w\" sizes=\"auto, (max-width: 480px) 150px\" src=\"https:\/\/artiesport.cat\/ae\/wp-content\/uploads\/2025\/03\/full-shot-kids-running-outdoors.jpg\" alt=\"\" class=\"uag-image-364\" width=\"270\" height=\"360\" title=\"full-shot-kids-running-outdoors\" loading=\"lazy\" role=\"img\"\/><\/figure><\/div>\n<\/div>\n<\/div><\/div>\n\n\n\n<div class=\"wp-block-uagb-separator uagb-block-280159b1 wp-block-uagb-separator--icon\"><div class=\"wp-block-uagb-separator__inner\" style=\"--my-background-image:\"><div class=\"wp-block-uagb-separator-element\"><svg xmlns=\"https:\/\/www.w3.org\/2000\/svg\" viewBox=\"0 0 448 512\"><path d=\"M224 416c-8.188 0-16.38-3.125-22.62-9.375l-192-192c-12.5-12.5-12.5-32.75 0-45.25s32.75-12.5 45.25 0L224 338.8l169.4-169.4c12.5-12.5 32.75-12.5 45.25 0s12.5 32.75 0 45.25l-192 192C240.4 412.9 232.2 416 224 416z\"><\/path><\/svg><\/div><\/div><\/div>\n\n\n\n<p><\/p>\n\n\n\n<div class=\"wp-block-uagb-container uagb-block-rwy0ymqr alignfull uagb-is-root-container\"><div class=\"uagb-container-inner-blocks-wrap\">\n<div class=\"wp-block-uagb-image alignleft uagb-block-wfdwjcpp wp-block-uagb-image--layout-default wp-block-uagb-image--effect-static wp-block-uagb-image--align-left\"><figure class=\"wp-block-uagb-image__figure\"><img decoding=\"async\" srcset=\"https:\/\/artiesport.cat\/ae\/wp-content\/uploads\/2025\/03\/low-angle-kids-with-magnifying-glass.jpg ,https:\/\/artiesport.cat\/ae\/wp-content\/uploads\/2025\/03\/low-angle-kids-with-magnifying-glass.jpg 780w, https:\/\/artiesport.cat\/ae\/wp-content\/uploads\/2025\/03\/low-angle-kids-with-magnifying-glass.jpg 360w\" sizes=\"auto, (max-width: 480px) 150px\" src=\"https:\/\/artiesport.cat\/ae\/wp-content\/uploads\/2025\/03\/low-angle-kids-with-magnifying-glass.jpg\" alt=\"\" class=\"uag-image-365\" width=\"564\" height=\"423\" title=\"low-angle-kids-with-magnifying-glass\" loading=\"lazy\" role=\"img\"\/><\/figure><\/div>\n\n\n\n<div class=\"wp-block-uagb-container uagb-block-zxxnzovy\">\n<div class=\"wp-block-uagb-info-box uagb-block-c7byda67 uagb-infobox__content-wrap  uagb-infobox-icon-above-title uagb-infobox-image-valign-top\"><div class=\"uagb-ifb-content\"><div class=\"uagb-ifb-title-wrap\"><h2 class=\"uagb-ifb-title\">Educaci\u00f3 ambiental<\/h2><\/div><p class=\"uagb-ifb-desc\"><strong>EDUCACIO AMBIENTAL<\/strong><br>&nbsp;<br>L&#8217;educaci\u00f3 ambiental t\u00e9 com a objectiu principal conscienciar i sensibilitzar a les persones sobre la import\u00e0ncia de cuidar i protegir el medi ambient, aix\u00ed com promoure conductes responsables i sostenibles en relaci\u00f3 amb l&#8217;entorn natural.<br><br>En aquest sentit, l&#8217;educaci\u00f3 ambiental en l&#8217;oci i el temps de lleure es basa en activitats l\u00fadiques i participatives que permeten als infants aprendre de manera divertida i enriquidora sobre la import\u00e0ncia de preservar el medi ambient.<br><br>Creiem que l&#8217;educaci\u00f3 ambiental en l&#8217;oci i el temps de lleure fomenta la participaci\u00f3 activa dels infants en la presa de decisions i accions que contribueixin a la protecci\u00f3 i conservaci\u00f3 de l&#8217;entorn natural. Tamb\u00e9 promou valors com el respecte, la solidaritat, la responsabilitat i el treball en equip, que s\u00f3n fonamentals per a aconseguir un desenvolupament sostenible i una societat m\u00e9s compromesa amb el medi ambient.<\/p><\/div><\/div>\n<\/div>\n<\/div><\/div>\n","protected":false},"excerpt":{"rendered":"","protected":false},"author":1,"featured_media":0,"parent":0,"menu_order":3,"comment_status":"closed","ping_status":"closed","template":"","meta":{"_siteseo_robots_primary_cat":"","_uag_custom_page_level_css":"","passster_activate_protection":false,"passster_protect_child_pages":"","passster_protection_type":"password","passster_password":"","passster_activate_overwrite_defaults":"","passster_headline":"","passster_instruction":"","passster_placeholder":"","passster_button":"","passster_id":"","passster_activate_misc_settings":"","passster_redirect_url":"","passster_hide":"no","passster_area_shortcode":"","_swt_meta_header_display":false,"_swt_meta_footer_display":false,"_swt_meta_site_title_display":true,"_swt_meta_sticky_header":false,"_swt_meta_transparent_header":false,"footnotes":""},"class_list":["post-13","page","type-page","status-publish","hentry"],"uagb_featured_image_src":{"full":false,"thumbnail":false,"medium":false,"medium_large":false,"large":false,"1536x1536":false,"2048x2048":false},"uagb_author_info":{"display_name":"administrador","author_link":"https:\/\/artiesport.cat\/ae\/author\/administrador\/"},"uagb_comment_info":0,"uagb_excerpt":null,"_links":{"self":[{"href":"https:\/\/artiesport.cat\/ae\/wp-json\/wp\/v2\/pages\/13","targetHints":{"allow":["GET"]}}],"collection":[{"href":"https:\/\/artiesport.cat\/ae\/wp-json\/wp\/v2\/pages"}],"about":[{"href":"https:\/\/artiesport.cat\/ae\/wp-json\/wp\/v2\/types\/page"}],"author":[{"embeddable":true,"href":"https:\/\/artiesport.cat\/ae\/wp-json\/wp\/v2\/users\/1"}],"replies":[{"embeddable":true,"href":"https:\/\/artiesport.cat\/ae\/wp-json\/wp\/v2\/comments?post=13"}],"version-history":[{"count":13,"href":"https:\/\/artiesport.cat\/ae\/wp-json\/wp\/v2\/pages\/13\/revisions"}],"predecessor-version":[{"id":366,"href":"https:\/\/artiesport.cat\/ae\/wp-json\/wp\/v2\/pages\/13\/revisions\/366"}],"wp:attachment":[{"href":"https:\/\/artiesport.cat\/ae\/wp-json\/wp\/v2\/media?parent=13"}],"curies":[{"name":"wp","href":"https:\/\/api.w.org\/{rel}","templated":true}]}}