{"id":19,"date":"2025-01-31T07:13:13","date_gmt":"2025-01-31T07:13:13","guid":{"rendered":"https:\/\/artiesport.cat\/ae\/?page_id=19"},"modified":"2025-07-17T16:20:23","modified_gmt":"2025-07-17T16:20:23","slug":"escoles","status":"publish","type":"page","link":"https:\/\/artiesport.cat\/ae\/escoles\/","title":{"rendered":"Escoles"},"content":{"rendered":"\n<div class=\"wp-block-uagb-container uagb-block-yt46devq alignfull uagb-is-root-container\"><div class=\"uagb-container-inner-blocks-wrap\">\n<div class=\"wp-block-uagb-info-box uagb-block-xx6waepi uagb-infobox__content-wrap  uagb-infobox-icon-above-title uagb-infobox-image-valign-top\"><div class=\"uagb-ifb-content\"><div class=\"uagb-ifb-title-wrap\"><h1 class=\"uagb-ifb-title\">Escoles<\/h1><\/div><\/div><\/div>\n<\/div><\/div>\n\n\n\n<div class=\"wp-block-uagb-container uagb-block-5ilislfz alignfull uagb-is-root-container\"><div class=\"uagb-container-inner-blocks-wrap\">\n<div class=\"wp-block-uagb-container uagb-layout-grid uagb-block-rnmkjyeu\">\n<div class=\"wp-block-uagb-container uagb-block-lo7idrz8\">\n<div class=\"wp-block-uagb-info-box uagb-block-phu2qnxj uagb-infobox__content-wrap  uagb-infobox-icon-above-title uagb-infobox-image-valign-top\"><div class=\"uagb-ifb-content\"><div class=\"uagb-ifb-title-wrap\"><h3 class=\"uagb-ifb-title\"><strong>Escola <\/strong><br><strong>Artur Martorell<\/strong><\/h3><\/div><p class=\"uagb-ifb-desc\">Carrer de la Seu d\u2019Urgell 34<br>08911 Badalona<br>Barcelona<\/p><\/div><\/div>\n\n\n\n<details class=\"wp-block-details has-poppins-font-family is-layout-flow wp-block-details-is-layout-flow\" style=\"font-style:normal;font-weight:700\"><summary>Extraescolars a l&#8217;escola<\/summary>\n<p><strong>Acollida matinal<br>Canguratge curt<br>Espai d&#8217;estudi<br>Futbol pre-benjam\u00ed<br>Futbol benjam\u00ed<br>Futbol alev\u00ed<br>Futbol infantil<br>Hip-hop<br>Teatre<br>Arts pl\u00e0stiques<br>Rob\u00f2tica<br>Escacs<br>Cant coral<\/strong><\/p>\n\n\n\n<p class=\"has-vivid-red-color has-text-color has-link-color has-poppins-font-family wp-elements-d3f44c6188d51914d5277bd6053000ca\" style=\"font-style:normal;font-weight:700\"><a href=\"https:\/\/www.develoopers.cat\/ambit\/infop\/login.php\" target=\"_blank\" rel=\"noreferrer noopener\">Apunteu-vos &gt;<\/a><\/p>\n<\/details>\n<\/div>\n\n\n\n<div class=\"wp-block-uagb-container uagb-block-b4e8cb07\">\n<div class=\"wp-block-uagb-info-box uagb-block-5433e1db uagb-infobox__content-wrap  uagb-infobox-icon-above-title uagb-infobox-image-valign-top\"><div class=\"uagb-ifb-content\"><div class=\"uagb-ifb-title-wrap\"><h3 class=\"uagb-ifb-title\"><strong>Escola <\/strong><br><strong>Lola Anglada<\/strong><\/h3><\/div><p class=\"uagb-ifb-desc\">Riera de Canyad\u00f3 53<br>08911 Badalona<br>Barcelona<\/p><\/div><\/div>\n\n\n\n<details class=\"wp-block-details has-poppins-font-family is-layout-flow wp-block-details-is-layout-flow\" style=\"font-style:normal;font-weight:700\"><summary>Extraescolars a l&#8217;escola<\/summary>\n<p><strong>Acollida matinal<br>Futb\u00e0squet<br>Basquet sense competici\u00f3<br>Karate 1<br>Karate 2<br>Judo<br>Gimn\u00e0stica r\u00edtmica<br>Iniciaci\u00f3 al patinatge<br>Patinatge 2<br>Patinatge 3<br>Dansa i expressi\u00f3<br>Ioga per adults<br>Canguratge curt<br>Cant coral<br>Escacs<br>Angles<br>Rob\u00f2tica<\/strong><\/p>\n\n\n\n<p class=\"has-vivid-red-color has-text-color has-link-color has-poppins-font-family wp-elements-d3f44c6188d51914d5277bd6053000ca\" style=\"font-style:normal;font-weight:700\"><a href=\"https:\/\/www.develoopers.cat\/ambit\/infop\/login.php\" target=\"_blank\" rel=\"noreferrer noopener\">Apunteu-vos &gt;<\/a><\/p>\n<\/details>\n<\/div>\n\n\n\n<div class=\"wp-block-uagb-container uagb-block-1c02a701\">\n<div class=\"wp-block-uagb-info-box uagb-block-55c43a76 uagb-infobox__content-wrap  uagb-infobox-icon-above-title uagb-infobox-image-valign-top\"><div class=\"uagb-ifb-content\"><div class=\"uagb-ifb-title-wrap\"><h3 class=\"uagb-ifb-title\"><strong>Escola <\/strong><br><strong>Antoni Botey<\/strong><\/h3><\/div><p class=\"uagb-ifb-desc\">Avinguda Doctor Bassols 77<br>08913 Badalona<br>Barcelona<\/p><\/div><\/div>\n\n\n\n<details class=\"wp-block-details has-poppins-font-family is-layout-flow wp-block-details-is-layout-flow\" style=\"font-style:normal;font-weight:700\"><summary>Extraescolars a l&#8217;escola<\/summary>\n<p><strong><strong>Acollida matinal<br>Patinatge<br>Karate<br>Dansa<\/strong><\/strong><\/p>\n\n\n\n<p class=\"has-vivid-red-color has-text-color has-link-color has-poppins-font-family wp-elements-d3f44c6188d51914d5277bd6053000ca\" style=\"font-style:normal;font-weight:700\"><a href=\"https:\/\/www.develoopers.cat\/ambit\/infop\/login.php\" target=\"_blank\" rel=\"noreferrer noopener\">Apunteu-vos &gt;<\/a><\/p>\n<\/details>\n<\/div>\n\n\n\n<div class=\"wp-block-uagb-container uagb-block-2d12d3bb\">\n<div class=\"wp-block-uagb-info-box uagb-block-132e36d3 uagb-infobox__content-wrap  uagb-infobox-icon-above-title uagb-infobox-image-valign-top\"><div class=\"uagb-ifb-content\"><div class=\"uagb-ifb-title-wrap\"><h3 class=\"uagb-ifb-title\"><strong>Escola <\/strong><br><strong>Bufal\u00e0<\/strong><\/h3><\/div><p class=\"uagb-ifb-desc\">Mol\u00ed de la Torre 98-100<br>08915 Badalona<br>Barcelona<\/p><\/div><\/div>\n\n\n\n<details class=\"wp-block-details has-poppins-font-family is-layout-flow wp-block-details-is-layout-flow\" style=\"font-style:normal;font-weight:700\"><summary>Extraescolars a l&#8217;escola<\/summary>\n<p><strong><strong><br><\/strong><\/strong><strong><strong>Acollida matinal<br>Canguratge curt<br>Roda d&#8217;esports<br>Futbol<br>Escacs<br>Patinatge<br>Karate<br>Dansa Urbana<br>Cant coral<br>Arts Pl\u00e0stiques<br>Joc conduit<br>Rob\u00f2tica<br>Angles Acad\u00e8mic<br>Zumba per adults<br>Curset de nataci\u00f3<\/strong><\/strong><\/p>\n\n\n\n<p><\/p>\n\n\n\n<p class=\"has-vivid-red-color has-text-color has-link-color has-poppins-font-family wp-elements-d3f44c6188d51914d5277bd6053000ca\" style=\"font-style:normal;font-weight:700\"><a href=\"https:\/\/www.develoopers.cat\/ambit\/infop\/login.php\" target=\"_blank\" rel=\"noreferrer noopener\">Apunteu-vos &gt;<\/a><\/p>\n<\/details>\n<\/div>\n\n\n\n<div class=\"wp-block-uagb-container uagb-block-e8fabd85\">\n<div class=\"wp-block-uagb-info-box uagb-block-9476d11d uagb-infobox__content-wrap  uagb-infobox-icon-above-title uagb-infobox-image-valign-top\"><div class=\"uagb-ifb-content\"><div class=\"uagb-ifb-title-wrap\"><h3 class=\"uagb-ifb-title\"><strong>Escola <\/strong><br><strong>Salvador Espriu<\/strong><\/h3><\/div><p class=\"uagb-ifb-desc\">Reina Elisenda s\/n<br>08915 Badalona<br>Barcelona<\/p><\/div><\/div>\n\n\n\n<details class=\"wp-block-details has-poppins-font-family is-layout-flow wp-block-details-is-layout-flow\" style=\"font-style:normal;font-weight:700\"><summary>Extraescolars a l&#8217;escola<\/summary>\n<p><strong><strong>Acollida matinal<br>Canguratge curt<br>Futbasquet<br>Roda d&#8217;esports<br>Basquet<br>Futbol<br>Escacs<br>Patinatge<br>Judo<br>Hiphop<br>Dansa i expressi\u00f3<br>Cant coral<br>Teatre<br>Joc conduit<br>Rob\u00f2tica<br>Angles<br>Ioga per adults<br>Curset de nataci\u00f3<\/strong><\/strong><\/p>\n\n\n\n<p class=\"has-vivid-red-color has-text-color has-link-color has-poppins-font-family wp-elements-d3f44c6188d51914d5277bd6053000ca\" style=\"font-style:normal;font-weight:700\"><a href=\"https:\/\/www.develoopers.cat\/ambit\/infop\/login.php\" target=\"_blank\" rel=\"noreferrer noopener\">Apunteu-vos &gt;<\/a><\/p>\n<\/details>\n<\/div>\n\n\n\n<div class=\"wp-block-uagb-container uagb-block-482684b7\">\n<div class=\"wp-block-uagb-info-box uagb-block-05c3faf3 uagb-infobox__content-wrap  uagb-infobox-icon-above-title uagb-infobox-image-valign-top\"><div class=\"uagb-ifb-content\"><div class=\"uagb-ifb-title-wrap\"><h3 class=\"uagb-ifb-title\"><strong>Escola <\/strong><br><strong>Gitanjali<\/strong><\/h3><\/div><p class=\"uagb-ifb-desc\">Avinguda de Mart\u00ed Pujol 37- 41<br>08912 Barcelona<br>Barcelona<\/p><\/div><\/div>\n\n\n\n<details class=\"wp-block-details has-poppins-font-family is-layout-flow wp-block-details-is-layout-flow\" style=\"font-style:normal;font-weight:700\"><summary>Extraescolars a l&#8217;escola<\/summary>\n<p><strong><strong>B\u00e0squet sense competici\u00f3<br>Canguratge curt<br>Futbasquet<br>Hiphop<br>Dansa i expressi\u00f3<br>Rob\u00f2tica<\/strong><\/strong><\/p>\n\n\n\n<p class=\"has-vivid-red-color has-text-color has-link-color has-poppins-font-family wp-elements-d3f44c6188d51914d5277bd6053000ca\" style=\"font-style:normal;font-weight:700\"><a href=\"https:\/\/www.develoopers.cat\/ambit\/infop\/login.php\" target=\"_blank\" rel=\"noreferrer noopener\">Apunteu-vos &gt;<\/a><\/p>\n<\/details>\n<\/div>\n\n\n\n<div class=\"wp-block-uagb-container uagb-block-1a149321\">\n<div class=\"wp-block-uagb-info-box uagb-block-7df63125 uagb-infobox__content-wrap  uagb-infobox-icon-above-title uagb-infobox-image-valign-top\"><div class=\"uagb-ifb-content\"><div class=\"uagb-ifb-title-wrap\"><h3 class=\"uagb-ifb-title\"><strong>Escola <\/strong><br><strong>Jungfrau<\/strong><\/h3><\/div><p class=\"uagb-ifb-desc\">Avinguda de Mart\u00ed Pujol 285<br>08912 Badalona<br>Barcelona<\/p><\/div><\/div>\n\n\n\n<details class=\"wp-block-details has-poppins-font-family is-layout-flow wp-block-details-is-layout-flow\" style=\"font-style:normal;font-weight:700\"><summary>Extraescolars a l&#8217;escola<\/summary>\n<p><strong><strong>Acollida matinal<br>Canguratge curt<br>Futbasquet<br>Futbol<br>Escacs<br>Patinatge<br>Karate<br>Hiphop<br>Dansa i expressi\u00f3<br>Cant coral<br>Teatre<br>Arts pl\u00e0stiques<br>Tallar de cuina calenta<br>Joc conduit<br>Rob\u00f2tica<br>Ioga per adults<br>Gimn\u00e0stica r\u00edtmica<\/strong><\/strong><\/p>\n\n\n\n<p class=\"has-vivid-red-color has-text-color has-link-color has-poppins-font-family wp-elements-d3f44c6188d51914d5277bd6053000ca\" style=\"font-style:normal;font-weight:700\"><a href=\"https:\/\/www.develoopers.cat\/ambit\/infop\/login.php\" target=\"_blank\" rel=\"noreferrer noopener\">Apunteu-vos &gt;<\/a><\/p>\n<\/details>\n<\/div>\n\n\n\n<div class=\"wp-block-uagb-container uagb-block-aaedeae2\">\n<div class=\"wp-block-uagb-info-box uagb-block-1b382ebb uagb-infobox__content-wrap  uagb-infobox-icon-above-title uagb-infobox-image-valign-top\"><div class=\"uagb-ifb-content\"><div class=\"uagb-ifb-title-wrap\"><h3 class=\"uagb-ifb-title\"><strong>Escola <\/strong><br><strong>Tiziana <\/strong><\/h3><\/div><p class=\"uagb-ifb-desc\">Avinguda Ciutadella 9<br>08391 Tiana<br>Barcelona<\/p><\/div><\/div>\n\n\n\n<details class=\"wp-block-details has-poppins-font-family is-layout-flow wp-block-details-is-layout-flow\" style=\"font-style:normal;font-weight:700\"><summary>Extraescolars a l&#8217;escola<\/summary>\n<p>Canguratge curt<br>Futbol<br>Futbasquet<br>Curset de natacio<br>Patinatge art\u00edstic<br>Karate<br>Teatre<br>Dansa i expressi\u00f3<br>Rob\u00f2tica<br><\/p>\n\n\n\n<p class=\"has-vivid-red-color has-text-color has-link-color has-poppins-font-family wp-elements-d3f44c6188d51914d5277bd6053000ca\" style=\"font-style:normal;font-weight:700\"><a href=\"https:\/\/www.develoopers.cat\/ambit\/infop\/login.php\" target=\"_blank\" rel=\"noreferrer noopener\">Apunteu-vos &gt;<\/a><\/p>\n<\/details>\n<\/div>\n\n\n\n<div class=\"wp-block-uagb-container uagb-block-613e5d90\">\n<div class=\"wp-block-uagb-info-box uagb-block-d3dd6cef uagb-infobox__content-wrap  uagb-infobox-icon-above-title uagb-infobox-image-valign-top\"><div class=\"uagb-ifb-content\"><div class=\"uagb-ifb-title-wrap\"><h3 class=\"uagb-ifb-title\"><strong>Escola <\/strong><br><strong>Norai<\/strong><\/h3><\/div><p class=\"uagb-ifb-desc\">Ronda dels Pa\u00efsos Catalans<br>08390 Montgat<br>Barcelona<\/p><\/div><\/div>\n\n\n\n<details class=\"wp-block-details has-poppins-font-family is-layout-flow wp-block-details-is-layout-flow\" style=\"font-style:normal;font-weight:700\"><summary>Extraescolars a l&#8217;escola<\/summary>\n<p>Escacs<\/p>\n\n\n\n<p class=\"has-vivid-red-color has-text-color has-link-color has-poppins-font-family wp-elements-d3f44c6188d51914d5277bd6053000ca\" style=\"font-style:normal;font-weight:700\"><a href=\"https:\/\/www.develoopers.cat\/ambit\/infop\/login.php\" target=\"_blank\" rel=\"noreferrer noopener\">Apunteu-vos &gt;<\/a><\/p>\n<\/details>\n<\/div>\n\n\n\n<div class=\"wp-block-uagb-container uagb-block-f73693d4\">\n<div class=\"wp-block-uagb-info-box uagb-block-c77c0676 uagb-infobox__content-wrap  uagb-infobox-icon-above-title uagb-infobox-image-valign-top\"><div class=\"uagb-ifb-content\"><div class=\"uagb-ifb-title-wrap\"><h3 class=\"uagb-ifb-title\"><strong>Institut Escola<br>Pallaresa<\/strong><\/h3><\/div><p class=\"uagb-ifb-desc\">Carrer d\u2019en Gaspar 1<br>08921 Santa Coloma de Gramenet<\/p><\/div><\/div>\n\n\n\n<details class=\"wp-block-details has-poppins-font-family is-layout-flow wp-block-details-is-layout-flow\" style=\"font-style:normal;font-weight:700\"><summary>Extraescolars a l&#8217;escola<\/summary>\n<p>Karate<br>Curset de nataci\u00f3<br>Dansa i expressi\u00f3<br>Hip-hop<br>Futbol sense competici\u00f3<\/p>\n\n\n\n<p class=\"has-vivid-red-color has-text-color has-link-color has-poppins-font-family wp-elements-d3f44c6188d51914d5277bd6053000ca\" style=\"font-style:normal;font-weight:700\"><a href=\"https:\/\/www.develoopers.cat\/ambit\/infop\/login.php\" target=\"_blank\" rel=\"noreferrer noopener\">Apunteu-vos &gt;<\/a><\/p>\n<\/details>\n<\/div>\n\n\n\n<div class=\"wp-block-uagb-container uagb-block-f61d7d09\">\n<div class=\"wp-block-uagb-info-box uagb-block-df972566 uagb-infobox__content-wrap  uagb-infobox-icon-above-title uagb-infobox-image-valign-top\"><div class=\"uagb-ifb-content\"><div class=\"uagb-ifb-title-wrap\"><h3 class=\"uagb-ifb-title\"><strong>Escola <\/strong><br><strong>Progr\u00e9s<\/strong><\/h3><\/div><p class=\"uagb-ifb-desc\">Eduard Maristany, 104<br>08912 Badalona<br>Barcelona<\/p><\/div><\/div>\n\n\n\n<details class=\"wp-block-details has-poppins-font-family is-layout-flow wp-block-details-is-layout-flow\" style=\"font-style:normal;font-weight:700\"><summary>Extraescolars a l&#8217;escola<\/summary>\n<p>Acollida matinal<br>Vinyasa ioga adults<br>Pilates adults<br>Mou-te per adults<br>Equilibra&#8217;t per adults<\/p>\n\n\n\n<p class=\"has-vivid-red-color has-text-color has-link-color has-poppins-font-family wp-elements-d3f44c6188d51914d5277bd6053000ca\" style=\"font-style:normal;font-weight:700\"><a href=\"https:\/\/www.develoopers.cat\/ambit\/infop\/login.php\" target=\"_blank\" rel=\"noreferrer noopener\">Apunteu-vos &gt;<\/a><\/p>\n<\/details>\n<\/div>\n\n\n\n<div class=\"wp-block-uagb-container uagb-block-a59b28b8\">\n<div class=\"wp-block-uagb-info-box uagb-block-8f08d517 uagb-infobox__content-wrap  uagb-infobox-icon-above-title uagb-infobox-image-valign-top\"><div class=\"uagb-ifb-content\"><div class=\"uagb-ifb-title-wrap\"><h3 class=\"uagb-ifb-title\"><strong>Escola Jaume Salvatella<\/strong><\/h3><\/div><p class=\"uagb-ifb-desc\">Avinguda Francesc Maci\u00e0, 124<br>08924 Santa Coloma de Gramenet<\/p><\/div><\/div>\n\n\n\n<details class=\"wp-block-details has-poppins-font-family is-layout-flow wp-block-details-is-layout-flow\" style=\"font-style:normal;font-weight:700\"><summary>Extraescolars a l&#8217;escola<\/summary>\n<p>Patinatge<br>Futbasquet<br>Karate<br>Dansa i expressi\u00f3<br>Hiphop<br>Futbol<br>Curset de nataci\u00f3<\/p>\n\n\n\n<p class=\"has-vivid-red-color has-text-color has-link-color has-poppins-font-family wp-elements-d3f44c6188d51914d5277bd6053000ca\" style=\"font-style:normal;font-weight:700\"><a href=\"https:\/\/www.develoopers.cat\/ambit\/infop\/login.php\" target=\"_blank\" rel=\"noreferrer noopener\">Apunteu-vos &gt;<\/a><\/p>\n<\/details>\n<\/div>\n\n\n\n<div class=\"wp-block-uagb-container uagb-block-4301e06c\">\n<div class=\"wp-block-uagb-info-box uagb-block-ceef11ce uagb-infobox__content-wrap  uagb-infobox-icon-above-title uagb-infobox-image-valign-top\"><div class=\"uagb-ifb-content\"><div class=\"uagb-ifb-title-wrap\"><h3 class=\"uagb-ifb-title\"><strong>Escola Lola Anglada (Tiana)<\/strong><\/h3><\/div><p class=\"uagb-ifb-desc\">Carrer Castellar 7<br>08391 Tiana<br>Barcelona<\/p><\/div><\/div>\n\n\n\n<details class=\"wp-block-details has-poppins-font-family is-layout-flow wp-block-details-is-layout-flow\" style=\"font-style:normal;font-weight:700\"><summary>Extraescolars a l&#8217;escola<\/summary>\n<p>Futbasquet<br>Futbol<br>Karate<br>Hiphop<br>Joc conduit<br>Canguratge curt<br>Patinatge art\u00edstic<br>Curset de nataci\u00f3<br>Dansa&nbsp;&nbsp;i expressi\u00f3<br>Rob\u00f2tica<br>Iniciaci\u00f3 al basquet<\/p>\n\n\n\n<p class=\"has-vivid-red-color has-text-color has-link-color has-poppins-font-family wp-elements-d3f44c6188d51914d5277bd6053000ca\" style=\"font-style:normal;font-weight:700\"><a href=\"https:\/\/www.develoopers.cat\/ambit\/infop\/login.php\" target=\"_blank\" rel=\"noreferrer noopener\">Apunteu-vos &gt;<\/a><\/p>\n<\/details>\n<\/div>\n\n\n\n<div class=\"wp-block-uagb-container uagb-block-aaa738f9\">\n<div class=\"wp-block-uagb-info-box uagb-block-3e73056b uagb-infobox__content-wrap  uagb-infobox-icon-above-title uagb-infobox-image-valign-top\"><div class=\"uagb-ifb-content\"><div class=\"uagb-ifb-title-wrap\"><h3 class=\"uagb-ifb-title\"><strong>Escola <\/strong><br><strong>Bet\u00falia<\/strong><\/h3><\/div><p class=\"uagb-ifb-desc\">Conquista 57-67 \/ Progr\u00e9s 41<br>08912 Badalona<br>Barcelona<\/p><\/div><\/div>\n\n\n\n<details class=\"wp-block-details has-poppins-font-family is-layout-flow wp-block-details-is-layout-flow\" style=\"font-style:normal;font-weight:700\"><summary>Extraescolars a l&#8217;escola<\/summary>\n<p>Futbasquet<br>Futbol<br>Judo<br>Dansa I balls moderns<br>Patinatge<br>Curset de nataci\u00f3<\/p>\n\n\n\n<p class=\"has-vivid-red-color has-text-color has-link-color has-poppins-font-family wp-elements-d3f44c6188d51914d5277bd6053000ca\" style=\"font-style:normal;font-weight:700\"><a href=\"https:\/\/www.develoopers.cat\/ambit\/infop\/login.php\" target=\"_blank\" rel=\"noreferrer noopener\">Apunteu-vos &gt;<\/a><\/p>\n<\/details>\n<\/div>\n\n\n\n<div class=\"wp-block-uagb-container uagb-block-1aad5a39\">\n<div class=\"wp-block-uagb-info-box uagb-block-b401ba15 uagb-infobox__content-wrap  uagb-infobox-icon-above-title uagb-infobox-image-valign-top\"><div class=\"uagb-ifb-content\"><div class=\"uagb-ifb-title-wrap\"><h3 class=\"uagb-ifb-title\"><strong>Escola <\/strong><br><strong>Badalona port<\/strong><\/h3><\/div><p class=\"uagb-ifb-desc\">Carrer Industria 271<br>08912 Badalona<br>Barcelona<\/p><\/div><\/div>\n\n\n\n<details class=\"wp-block-details has-poppins-font-family is-layout-flow wp-block-details-is-layout-flow\" style=\"font-style:normal;font-weight:700\"><summary>Extraescolars a l&#8217;escola<\/summary>\n<p>Karate<br>Patinatge<br>Joc conduit<br>Rob\u00f2tica<br>Dansa i expressi\u00f3<br>Arts plastiques<\/p>\n\n\n\n<p class=\"has-vivid-red-color has-text-color has-link-color has-poppins-font-family wp-elements-d3f44c6188d51914d5277bd6053000ca\" style=\"font-style:normal;font-weight:700\"><a href=\"https:\/\/www.develoopers.cat\/ambit\/infop\/login.php\" target=\"_blank\" rel=\"noreferrer noopener\">Apunteu-vos &gt;<\/a><\/p>\n<\/details>\n<\/div>\n\n\n\n<div class=\"wp-block-uagb-container uagb-block-d2bbf4da\">\n<div class=\"wp-block-uagb-info-box uagb-block-06c9651b uagb-infobox__content-wrap  uagb-infobox-icon-above-title uagb-infobox-image-valign-top\"><div class=\"uagb-ifb-content\"><div class=\"uagb-ifb-title-wrap\"><h3 class=\"uagb-ifb-title\"><strong>Escola <\/strong><br><strong>La Serreta<\/strong><\/h3><\/div><p class=\"uagb-ifb-desc\">Carrer de N\u00faria 26-28<br>08328 Alella<br>Barcelona<\/p><\/div><\/div>\n\n\n\n<details class=\"wp-block-details has-poppins-font-family is-layout-flow wp-block-details-is-layout-flow\" style=\"font-style:normal;font-weight:700\"><summary>Extraescolars a l&#8217;escola<\/summary>\n<p>Balls moderns<br>Escacs<br>Rob\u00f2tica<\/p>\n\n\n\n<p class=\"has-vivid-red-color has-text-color has-link-color has-poppins-font-family wp-elements-d3f44c6188d51914d5277bd6053000ca\" style=\"font-style:normal;font-weight:700\"><a href=\"https:\/\/www.develoopers.cat\/ambit\/infop\/login.php\" target=\"_blank\" rel=\"noreferrer noopener\">Apunteu-vos &gt;<\/a><\/p>\n<\/details>\n<\/div>\n\n\n\n<div class=\"wp-block-uagb-container uagb-block-c1af30d7\">\n<div class=\"wp-block-uagb-info-box uagb-block-bdc32c4f uagb-infobox__content-wrap  uagb-infobox-icon-above-title uagb-infobox-image-valign-top\"><div class=\"uagb-ifb-content\"><div class=\"uagb-ifb-title-wrap\"><h3 class=\"uagb-ifb-title\"><strong>Institut Escola <\/strong><br><strong>Sant Jordi<\/strong><\/h3><\/div><p class=\"uagb-ifb-desc\">Avinguda de Sabadell s\/n<br>08915 Badalona<br>Barcelona<\/p><\/div><\/div>\n\n\n\n<details class=\"wp-block-details has-poppins-font-family is-layout-flow wp-block-details-is-layout-flow\" style=\"font-style:normal;font-weight:700\"><summary>Extraescolars a l&#8217;escola<\/summary>\n<p>Patinatge<br>Karate<br>Dansa i expressi\u00f3<br><\/p>\n\n\n\n<p class=\"has-vivid-red-color has-text-color has-link-color has-poppins-font-family wp-elements-d3f44c6188d51914d5277bd6053000ca\" style=\"font-style:normal;font-weight:700\"><a href=\"https:\/\/www.develoopers.cat\/ambit\/infop\/login.php\" target=\"_blank\" rel=\"noreferrer noopener\">Apunteu-vos &gt;<\/a><\/p>\n<\/details>\n<\/div>\n<\/div>\n<\/div><\/div>\n\n\n\n<p><\/p>\n","protected":false},"excerpt":{"rendered":"","protected":false},"author":1,"featured_media":0,"parent":0,"menu_order":6,"comment_status":"closed","ping_status":"closed","template":"","meta":{"_siteseo_robots_primary_cat":"","_uag_custom_page_level_css":"","passster_activate_protection":false,"passster_protect_child_pages":"","passster_protection_type":"password","passster_password":"","passster_activate_overwrite_defaults":"","passster_headline":"","passster_instruction":"","passster_placeholder":"","passster_button":"","passster_id":"","passster_activate_misc_settings":"","passster_redirect_url":"","passster_hide":"no","passster_area_shortcode":"","_swt_meta_header_display":false,"_swt_meta_footer_display":false,"_swt_meta_site_title_display":true,"_swt_meta_sticky_header":false,"_swt_meta_transparent_header":false,"footnotes":""},"class_list":["post-19","page","type-page","status-publish","hentry"],"uagb_featured_image_src":{"full":false,"thumbnail":false,"medium":false,"medium_large":false,"large":false,"1536x1536":false,"2048x2048":false},"uagb_author_info":{"display_name":"administrador","author_link":"https:\/\/artiesport.cat\/ae\/author\/administrador\/"},"uagb_comment_info":0,"uagb_excerpt":null,"_links":{"self":[{"href":"https:\/\/artiesport.cat\/ae\/wp-json\/wp\/v2\/pages\/19","targetHints":{"allow":["GET"]}}],"collection":[{"href":"https:\/\/artiesport.cat\/ae\/wp-json\/wp\/v2\/pages"}],"about":[{"href":"https:\/\/artiesport.cat\/ae\/wp-json\/wp\/v2\/types\/page"}],"author":[{"embeddable":true,"href":"https:\/\/artiesport.cat\/ae\/wp-json\/wp\/v2\/users\/1"}],"replies":[{"embeddable":true,"href":"https:\/\/artiesport.cat\/ae\/wp-json\/wp\/v2\/comments?post=19"}],"version-history":[{"count":33,"href":"https:\/\/artiesport.cat\/ae\/wp-json\/wp\/v2\/pages\/19\/revisions"}],"predecessor-version":[{"id":499,"href":"https:\/\/artiesport.cat\/ae\/wp-json\/wp\/v2\/pages\/19\/revisions\/499"}],"wp:attachment":[{"href":"https:\/\/artiesport.cat\/ae\/wp-json\/wp\/v2\/media?parent=19"}],"curies":[{"name":"wp","href":"https:\/\/api.w.org\/{rel}","templated":true}]}}