{"id":29,"date":"2025-02-01T12:32:47","date_gmt":"2025-02-01T12:32:47","guid":{"rendered":"https:\/\/artiesport.cat\/ae\/?page_id=29"},"modified":"2025-08-20T11:12:44","modified_gmt":"2025-08-20T11:12:44","slug":"inici","status":"publish","type":"page","link":"https:\/\/artiesport.cat\/ae\/","title":{"rendered":"Inici"},"content":{"rendered":"\n<div class=\"wp-block-uagb-container uagb-block-pyehpnph alignfull uagb-is-root-container\"><div class=\"uagb-container-inner-blocks-wrap\">\n<div class=\"wp-block-uagb-info-box uagb-block-lxtuh6rw uagb-infobox__content-wrap  uagb-infobox-icon-above-title uagb-infobox-image-valign-top\"><div class=\"uagb-ifb-content\"><div class=\"uagb-ifb-title-wrap\"><h1 class=\"uagb-ifb-title\">Gaudeix dels <br>nostres casals<\/h1><\/div><p class=\"uagb-ifb-desc\">Tenim una pila d&#8217;activitats per gaudir al m\u00e0xim les <br>vacances de primavera, a l&#8217;estiu , al setembre i a l&#8217;hivern.<\/p><\/div><\/div>\n\n\n\n<div class=\"wp-block-buttons has-custom-font-size has-poppins-font-family is-layout-flex wp-block-buttons-is-layout-flex\" style=\"font-size:21px\">\n<div class=\"wp-block-button\"><a class=\"wp-block-button__link wp-element-button\">Apunteu-vos<\/a><\/div>\n<\/div>\n<\/div><\/div>\n\n\n\n<div class=\"wp-block-uagb-container uagb-block-tfdescny alignfull uagb-is-root-container\"><div class=\"uagb-container-inner-blocks-wrap\">\n<div class=\"wp-block-uagb-container uagb-block-arnigy9o\">\n<div class=\"wp-block-uagb-container uagb-block-pete4ods\">\n<div class=\"wp-block-uagb-image alignleft uagb-block-ctnrjwi5 wp-block-uagb-image--layout-default wp-block-uagb-image--effect-static wp-block-uagb-image--align-left\"><figure class=\"wp-block-uagb-image__figure\"><img decoding=\"async\" srcset=\"https:\/\/artiesport.cat\/ae\/wp-content\/uploads\/2025\/02\/nens.jpg ,https:\/\/artiesport.cat\/ae\/wp-content\/uploads\/2025\/02\/nens.jpg 780w, https:\/\/artiesport.cat\/ae\/wp-content\/uploads\/2025\/02\/nens.jpg 360w\" sizes=\"auto, (max-width: 480px) 150px\" src=\"https:\/\/artiesport.cat\/ae\/wp-content\/uploads\/2025\/02\/nens.jpg\" alt=\"\" class=\"uag-image-273\" width=\"600\" height=\"400\" title=\"Happy children playing together outdoors\" loading=\"lazy\" role=\"img\"\/><\/figure><\/div>\n\n\n\n<div class=\"wp-block-uagb-info-box uagb-block-h7m7hfyq uagb-infobox__content-wrap  uagb-infobox-icon-above-title uagb-infobox-image-valign-top wp-block-uagb-info-box--has-margin\"><div class=\"uagb-infobox-margin-wrapper\"><div class=\"uagb-ifb-content\"><div class=\"uagb-ifb-title-wrap\"><h3 class=\"uagb-ifb-title\">Casal de Setembre<\/h3><\/div><p class=\"uagb-ifb-desc\">De l&#8217;1 al 5 de setembre a l&#8217;escola Artur Martorell de 9 a 17h per infants de 3 a 12 anys<\/p><\/div><\/div><\/div>\n\n\n\n<div class=\"wp-block-buttons has-poppins-font-family is-content-justification-center is-layout-flex wp-container-core-buttons-is-layout-a89b3969 wp-block-buttons-is-layout-flex\">\n<div class=\"wp-block-button has-custom-width wp-block-button__width-75\"><a class=\"wp-block-button__link has-text-align-center wp-element-button\">Apunteu-vos enviant un correu a:<br>administracio@artiesport.cat<\/a><\/div>\n<\/div>\n\n\n\n<div style=\"height:50px\" aria-hidden=\"true\" class=\"wp-block-spacer\"><\/div>\n<\/div>\n<\/div>\n<\/div><\/div>\n\n\n\n<div class=\"wp-block-uagb-separator uagb-block-784c1356 wp-block-uagb-separator--icon\"><div class=\"wp-block-uagb-separator__inner\" style=\"--my-background-image:\"><div class=\"wp-block-uagb-separator-element\"><svg xmlns=\"https:\/\/www.w3.org\/2000\/svg\" viewBox=\"0 0 448 512\"><path d=\"M224 416c-8.188 0-16.38-3.125-22.62-9.375l-192-192c-12.5-12.5-12.5-32.75 0-45.25s32.75-12.5 45.25 0L224 338.8l169.4-169.4c12.5-12.5 32.75-12.5 45.25 0s12.5 32.75 0 45.25l-192 192C240.4 412.9 232.2 416 224 416z\"><\/path><\/svg><\/div><\/div><\/div>\n\n\n\n<div class=\"wp-block-uagb-container uagb-block-qj7hyjcz alignfull uagb-is-root-container\"><div class=\"uagb-container-inner-blocks-wrap\">\n<div class=\"wp-block-uagb-info-box uagb-block-ece3r1sx uagb-infobox__content-wrap  uagb-infobox-icon-above-title uagb-infobox-image-valign-top\"><div class=\"uagb-ifb-content\"><div class=\"uagb-ifb-title-wrap\"><p class=\"uagb-ifb-title-prefix\">IDEARI<\/p><h1 class=\"uagb-ifb-title\">\u201cLa gran meta de l\u2019educaci\u00f3 no \u00e9s el coneixement, sin\u00f3 l\u2019acci\u00f3\u201d.&nbsp;<br>Herbert Spencer<\/h1><\/div><\/div><\/div>\n<\/div><\/div>\n\n\n\n<div class=\"wp-block-uagb-separator uagb-block-e9f8b8e6 wp-block-uagb-separator--icon\"><div class=\"wp-block-uagb-separator__inner\" style=\"--my-background-image:\"><div class=\"wp-block-uagb-separator-element\"><svg xmlns=\"https:\/\/www.w3.org\/2000\/svg\" viewBox=\"0 0 448 512\"><path d=\"M416 352c-8.188 0-16.38-3.125-22.62-9.375L224 173.3l-169.4 169.4c-12.5 12.5-32.75 12.5-45.25 0s-12.5-32.75 0-45.25l192-192c12.5-12.5 32.75-12.5 45.25 0l192 192c12.5 12.5 12.5 32.75 0 45.25C432.4 348.9 424.2 352 416 352z\"><\/path><\/svg><\/div><\/div><\/div>\n\n\n\n<p><\/p>\n\n\n\n<div class=\"wp-block-uagb-container uagb-block-0wekgq9m alignfull uagb-is-root-container\"><div class=\"uagb-container-inner-blocks-wrap\">\n<div class=\"wp-block-uagb-image alignleft uagb-block-f6mclz6h wp-block-uagb-image--layout-default wp-block-uagb-image--effect-static wp-block-uagb-image--align-left\"><figure class=\"wp-block-uagb-image__figure\"><img decoding=\"async\" srcset=\"https:\/\/artiesport.cat\/ae\/wp-content\/uploads\/2025\/02\/nens.jpg ,https:\/\/artiesport.cat\/ae\/wp-content\/uploads\/2025\/02\/nens.jpg 780w, https:\/\/artiesport.cat\/ae\/wp-content\/uploads\/2025\/02\/nens.jpg 360w\" sizes=\"auto, (max-width: 480px) 150px\" src=\"https:\/\/artiesport.cat\/ae\/wp-content\/uploads\/2025\/02\/nens.jpg\" alt=\"\" class=\"uag-image-273\" width=\"564\" height=\"423\" title=\"Happy children playing together outdoors\" loading=\"lazy\" role=\"img\"\/><\/figure><\/div>\n\n\n\n<div class=\"wp-block-uagb-container uagb-block-elvdujx6\">\n<div class=\"wp-block-uagb-info-box uagb-block-zgfo5cju uagb-infobox__content-wrap  uagb-infobox-icon-above-title uagb-infobox-image-valign-top\"><div class=\"uagb-ifb-content\"><div class=\"uagb-ifb-title-wrap\"><p class=\"uagb-ifb-title-prefix\">ACTIVITATS PER A TOTS ELS GUSTOS<\/p><h2 class=\"uagb-ifb-title\">Molt per escollir<\/h2><\/div><p class=\"uagb-ifb-desc\">Difents tipus d\u2019activitats que faciliten la formaci\u00f3 en aspectes educatius mitjan\u00e7ant activitats socials, culturals, educatives i del lleure.<br><br>\u2022 +de 15 anys d&#8217;experi\u00e8ncia<br>\u2022 Equip jove, format i experimentat<br>\u2022 Treball colaboratiu<br>\u2022 Formaci\u00f3 cont\u00ednua<\/p><\/div><\/div>\n<\/div>\n<\/div><\/div>\n\n\n\n<p><\/p>\n\n\n\n<div class=\"wp-block-uagb-container uagb-block-kxpnivnu alignfull uagb-is-root-container\"><div class=\"uagb-container-inner-blocks-wrap\">\n<div class=\"wp-block-uagb-counter uagb-block-7077f8df wp-block-uagb-counter--number\"><div class=\"wp-block-uagb-counter__number\"><span class=\"uagb-counter-block-prefix\">+<\/span><span class=\"uagb-counter-block-number\" data-duration=\"1.5\" data-to-value=\"40\" data-from-value=\"0\" data-delimiter=\"\"><\/span><\/div><div class=\"wp-block-uagb-counter__title\">Activitats<\/div><\/div>\n\n\n\n<div class=\"wp-block-uagb-counter uagb-block-e2af89a3 wp-block-uagb-counter--number\"><div class=\"wp-block-uagb-counter__number\"><span class=\"uagb-counter-block-prefix\">+<\/span><span class=\"uagb-counter-block-number\" data-duration=\"1.5\" data-to-value=\"2500\" data-from-value=\"0\" data-delimiter=\"\"><\/span><\/div><div class=\"wp-block-uagb-counter__title\">Usuaris mensuals<\/div><\/div>\n\n\n\n<div class=\"wp-block-uagb-counter uagb-block-dbdaa381 wp-block-uagb-counter--number\"><div class=\"wp-block-uagb-counter__number\"><span class=\"uagb-counter-block-prefix\">+<\/span><span class=\"uagb-counter-block-number\" data-duration=\"1.5\" data-to-value=\"150\" data-from-value=\"0\" data-delimiter=\",\"><\/span><\/div><div class=\"wp-block-uagb-counter__title\">Monitors\/es d&#8217;extraescolars<\/div><\/div>\n<\/div><\/div>\n\n\n\n<div class=\"wp-block-uagb-container uagb-block-whsj7vxd alignfull uagb-is-root-container\"><div class=\"uagb-container-inner-blocks-wrap\">\n<div class=\"wp-block-uagb-advanced-heading uagb-block-fp1b6x11\"><h2 class=\"uagb-heading-text\">Tens preguntes?<\/h2><\/div>\n\n\n<div class=\"wp-block-uagb-faq uagb-faq__outer-wrap uagb-block-pafobfho uagb-faq-icon-row-reverse uagb-faq-layout-accordion uagb-faq-expand-first-true uagb-faq-inactive-other-true uagb-faq__wrap uagb-buttons-layout-wrap uagb-faq-equal-height     \" data-faqtoggle=\"true\" role=\"tablist\"><div class=\"wp-block-uagb-faq-child uagb-faq-child__outer-wrap uagb-faq-item uagb-block-hs6ujgyq \" role=\"tab\" tabindex=\"0\"><div class=\"uagb-faq-questions-button uagb-faq-questions\">\t\t\t<span class=\"uagb-icon uagb-faq-icon-wrap\">\n\t\t\t\t\t\t\t\t<svg xmlns=\"https:\/\/www.w3.org\/2000\/svg\" viewBox= \"0 0 448 512\"><path d=\"M224 416c-8.188 0-16.38-3.125-22.62-9.375l-192-192c-12.5-12.5-12.5-32.75 0-45.25s32.75-12.5 45.25 0L224 338.8l169.4-169.4c12.5-12.5 32.75-12.5 45.25 0s12.5 32.75 0 45.25l-192 192C240.4 412.9 232.2 416 224 416z\"><\/path><\/svg>\n\t\t\t\t\t\t\t<\/span>\n\t\t\t\t\t\t<span class=\"uagb-icon-active uagb-faq-icon-wrap\">\n\t\t\t\t\t\t\t\t<svg xmlns=\"https:\/\/www.w3.org\/2000\/svg\" viewBox= \"0 0 448 512\"><path d=\"M416 352c-8.188 0-16.38-3.125-22.62-9.375L224 173.3l-169.4 169.4c-12.5 12.5-32.75 12.5-45.25 0s-12.5-32.75 0-45.25l192-192c12.5-12.5 32.75-12.5 45.25 0l192 192c12.5 12.5 12.5 32.75 0 45.25C432.4 348.9 424.2 352 416 352z\"><\/path><\/svg>\n\t\t\t\t\t\t\t<\/span>\n\t\t\t<p class=\"uagb-question\"><a>Quines activitats es fan a l&#8217;escola dels meus fills?<\/a><\/p><\/div><div class=\"uagb-faq-content\"><p>Ho pots consultar dins l&#8217;apartat d&#8217;escoles del web.<\/p><\/div><\/div><div class=\"wp-block-uagb-faq-child uagb-faq-child__outer-wrap uagb-faq-item uagb-block-1yfot4ry \" role=\"tab\" tabindex=\"0\"><div class=\"uagb-faq-questions-button uagb-faq-questions\">\t\t\t<span class=\"uagb-icon uagb-faq-icon-wrap\">\n\t\t\t\t\t\t\t\t<svg xmlns=\"https:\/\/www.w3.org\/2000\/svg\" viewBox= \"0 0 448 512\"><path d=\"M224 416c-8.188 0-16.38-3.125-22.62-9.375l-192-192c-12.5-12.5-12.5-32.75 0-45.25s32.75-12.5 45.25 0L224 338.8l169.4-169.4c12.5-12.5 32.75-12.5 45.25 0s12.5 32.75 0 45.25l-192 192C240.4 412.9 232.2 416 224 416z\"><\/path><\/svg>\n\t\t\t\t\t\t\t<\/span>\n\t\t\t\t\t\t<span class=\"uagb-icon-active uagb-faq-icon-wrap\">\n\t\t\t\t\t\t\t\t<svg xmlns=\"https:\/\/www.w3.org\/2000\/svg\" viewBox= \"0 0 448 512\"><path d=\"M416 352c-8.188 0-16.38-3.125-22.62-9.375L224 173.3l-169.4 169.4c-12.5 12.5-32.75 12.5-45.25 0s-12.5-32.75 0-45.25l192-192c12.5-12.5 32.75-12.5 45.25 0l192 192c12.5 12.5 12.5 32.75 0 45.25C432.4 348.9 424.2 352 416 352z\"><\/path><\/svg>\n\t\t\t\t\t\t\t<\/span>\n\t\t\t<p class=\"uagb-question\"><a>Com puc saber horaris i disponibilitat?<\/a><\/p><\/div><div class=\"uagb-faq-content\"><p>Posa&#8217;t en contacte amb nosaltres, i estarem encantats d&#8217;ajudar-te.<\/p><\/div><\/div><\/div><\/div><\/div>\n\n\n\n<div class=\"wp-block-uagb-container uagb-block-bca9d561 alignfull uagb-is-root-container\"><div class=\"uagb-container-inner-blocks-wrap\">\n<div class=\"wp-block-buttons is-content-justification-center is-layout-flex wp-container-core-buttons-is-layout-b11c9591 wp-block-buttons-is-layout-flex\" style=\"padding-top:136px;padding-bottom:136px\">\n<div class=\"wp-block-button\"><a class=\"wp-block-button__link has-vivid-red-background-color has-background has-x-large-font-size has-custom-font-size wp-element-button\" href=\"mailto:administracio@artiesport.cat\">Contacte per correu electr\u00f2nic<\/a><\/div>\n\n\n\n<div class=\"wp-block-button\"><a class=\"wp-block-button__link has-vivid-red-background-color has-background has-x-large-font-size has-custom-font-size wp-element-button\">722 569 021<\/a><\/div>\n<\/div>\n<\/div><\/div>\n","protected":false},"excerpt":{"rendered":"<p>Tens preguntes?<\/p>\n","protected":false},"author":1,"featured_media":0,"parent":0,"menu_order":0,"comment_status":"closed","ping_status":"closed","template":"","meta":{"_siteseo_robots_primary_cat":"","_uag_custom_page_level_css":"","passster_activate_protection":false,"passster_protect_child_pages":"","passster_protection_type":"password","passster_password":"","passster_activate_overwrite_defaults":"","passster_headline":"","passster_instruction":"","passster_placeholder":"","passster_button":"","passster_id":"","passster_activate_misc_settings":"","passster_redirect_url":"","passster_hide":"no","passster_area_shortcode":"","_swt_meta_header_display":false,"_swt_meta_footer_display":false,"_swt_meta_site_title_display":true,"_swt_meta_sticky_header":false,"_swt_meta_transparent_header":false,"footnotes":""},"class_list":["post-29","page","type-page","status-publish","hentry"],"uagb_featured_image_src":{"full":false,"thumbnail":false,"medium":false,"medium_large":false,"large":false,"1536x1536":false,"2048x2048":false},"uagb_author_info":{"display_name":"administrador","author_link":"https:\/\/artiesport.cat\/ae\/author\/administrador\/"},"uagb_comment_info":0,"uagb_excerpt":"Tens preguntes?","_links":{"self":[{"href":"https:\/\/artiesport.cat\/ae\/wp-json\/wp\/v2\/pages\/29","targetHints":{"allow":["GET"]}}],"collection":[{"href":"https:\/\/artiesport.cat\/ae\/wp-json\/wp\/v2\/pages"}],"about":[{"href":"https:\/\/artiesport.cat\/ae\/wp-json\/wp\/v2\/types\/page"}],"author":[{"embeddable":true,"href":"https:\/\/artiesport.cat\/ae\/wp-json\/wp\/v2\/users\/1"}],"replies":[{"embeddable":true,"href":"https:\/\/artiesport.cat\/ae\/wp-json\/wp\/v2\/comments?post=29"}],"version-history":[{"count":58,"href":"https:\/\/artiesport.cat\/ae\/wp-json\/wp\/v2\/pages\/29\/revisions"}],"predecessor-version":[{"id":510,"href":"https:\/\/artiesport.cat\/ae\/wp-json\/wp\/v2\/pages\/29\/revisions\/510"}],"wp:attachment":[{"href":"https:\/\/artiesport.cat\/ae\/wp-json\/wp\/v2\/media?parent=29"}],"curies":[{"name":"wp","href":"https:\/\/api.w.org\/{rel}","templated":true}]}}